{"id":46,"date":"2021-05-11T06:41:28","date_gmt":"2021-05-11T06:41:28","guid":{"rendered":"http:\/\/www.kotkanpentunayttely.fi\/?page_id=46"},"modified":"2026-04-18T15:30:49","modified_gmt":"2026-04-18T15:30:49","slug":"luo-sivustosi-lohkoilla","status":"publish","type":"page","link":"https:\/\/www.kotkanpentunayttely.fi\/","title":{"rendered":"Kotkan pentun\u00e4yttely"},"content":{"rendered":"\n<div class=\"wp-block-columns alignwide is-style-twentytwentyone-columns-overlap is-layout-flex wp-container-core-columns-is-layout-9d6595d7 wp-block-columns-is-layout-flex\">\n<div class=\"wp-block-column is-layout-flow wp-block-column-is-layout-flow\">\n<figure class=\"wp-block-image size-large\"><img loading=\"lazy\" decoding=\"async\" width=\"1024\" height=\"683\" src=\"http:\/\/www.kotkanpentunayttely.fi\/wp-content\/uploads\/2026\/04\/pentunayttely2026_kansi-1024x683.jpg\" alt=\"\" class=\"wp-image-327\" srcset=\"https:\/\/www.kotkanpentunayttely.fi\/wp-content\/uploads\/2026\/04\/pentunayttely2026_kansi-1024x683.jpg 1024w, https:\/\/www.kotkanpentunayttely.fi\/wp-content\/uploads\/2026\/04\/pentunayttely2026_kansi-300x200.jpg 300w, https:\/\/www.kotkanpentunayttely.fi\/wp-content\/uploads\/2026\/04\/pentunayttely2026_kansi-768x512.jpg 768w, https:\/\/www.kotkanpentunayttely.fi\/wp-content\/uploads\/2026\/04\/pentunayttely2026_kansi.jpg 1536w\" sizes=\"auto, (max-width: 1024px) 100vw, 1024px\" \/><\/figure>\n<\/div>\n<\/div>\n\n\n\n<div style=\"height:50px\" aria-hidden=\"true\" class=\"wp-block-spacer\"><\/div>\n\n\n\n<div class=\"wp-block-columns alignwide are-vertically-aligned-top is-layout-flex wp-container-core-columns-is-layout-9d6595d7 wp-block-columns-is-layout-flex\">\n<div class=\"wp-block-column is-layout-flow wp-block-column-is-layout-flow\">\n<h2 class=\"wp-block-heading\">Tervetuloa Kotkan pentun\u00e4yttelyyn 17. ja 18.10.2026!<\/h2>\n<\/div>\n<\/div>\n\n\n\n<p class=\"has-text-align-left\">Kaikkien rotujen pentun\u00e4yttely molempina p\u00e4ivin\u00e4.<\/p>\n\n\n\n<p class=\"has-text-align-left\"><strong>Pentun\u00e4yttelyn arvosteluluokat:<\/strong>&nbsp;urokset 5- alle 7 kk ja 7- alle 9 kk, nartut 5- alle 7 kk ja 7- alle 9 kk.<br><strong>Kasvattajaluokka:<\/strong>&nbsp;nelj\u00e4 saman kasvattajan kasvattamaa tai samalle FCI:n vahvistamalle kennelnimelle rekister\u00f6ity\u00e4 samanrotuista pentua, jotka saavat olla samasta pentueesta.<br>Kaikissa luokissa annetaan kirjallinen arvostelu.<br><strong>Parikilpailu<\/strong> 10 \u20ac, kahdelle n\u00e4yttelyyn ilmoitetulle samanrotuiselle pennulle. Ilmoittautuminen ja maksu n\u00e4yttelyp\u00e4iv\u00e4n\u00e4 toimistoon. Parikilpailussa ei anneta kirjallista arvostelua.<\/p>\n\n\n\n<p class=\"has-text-align-left\"><strong>N\u00e4yttelypaikkana toimii&nbsp;Kotkan Koirayst\u00e4v\u00e4in Seuran Halli.<\/strong><br>Osoite: Kiilatie , Kotka (<a href=\"http:\/\/www.kotkankoiraystavainseura.fi\/?Koulutuskent%C3%A4t:Halli\">Lis\u00e4tietoa hallista.<\/a>)<\/p>\n\n\n\n<figure class=\"wp-block-image size-large\"><img loading=\"lazy\" decoding=\"async\" width=\"1024\" height=\"601\" src=\"https:\/\/www.kotkanpentunayttely.fi\/wp-content\/uploads\/2025\/06\/Monster-logo-1024x601.jpg\" alt=\"\" class=\"wp-image-267\" srcset=\"https:\/\/www.kotkanpentunayttely.fi\/wp-content\/uploads\/2025\/06\/Monster-logo-1024x601.jpg 1024w, https:\/\/www.kotkanpentunayttely.fi\/wp-content\/uploads\/2025\/06\/Monster-logo-300x176.jpg 300w, https:\/\/www.kotkanpentunayttely.fi\/wp-content\/uploads\/2025\/06\/Monster-logo-768x450.jpg 768w, https:\/\/www.kotkanpentunayttely.fi\/wp-content\/uploads\/2025\/06\/Monster-logo-1536x901.jpg 1536w, https:\/\/www.kotkanpentunayttely.fi\/wp-content\/uploads\/2025\/06\/Monster-logo.jpg 2048w\" sizes=\"auto, (max-width: 1024px) 100vw, 1024px\" \/><\/figure>\n","protected":false},"excerpt":{"rendered":"<p>Tervetuloa Kotkan pentun\u00e4yttelyyn 17. ja 18.10.2026! Kaikkien rotujen pentun\u00e4yttely molempina p\u00e4ivin\u00e4. Pentun\u00e4yttelyn arvosteluluokat:&nbsp;urokset 5- alle 7 kk ja 7- alle 9 kk, nartut 5- alle 7 kk ja 7- alle &#8230;<\/p>\n","protected":false},"author":1,"featured_media":0,"parent":0,"menu_order":0,"comment_status":"closed","ping_status":"closed","template":"","meta":{"footnotes":""},"class_list":["post-46","page","type-page","status-publish","hentry"],"_links":{"self":[{"href":"https:\/\/www.kotkanpentunayttely.fi\/index.php\/wp-json\/wp\/v2\/pages\/46","targetHints":{"allow":["GET"]}}],"collection":[{"href":"https:\/\/www.kotkanpentunayttely.fi\/index.php\/wp-json\/wp\/v2\/pages"}],"about":[{"href":"https:\/\/www.kotkanpentunayttely.fi\/index.php\/wp-json\/wp\/v2\/types\/page"}],"author":[{"embeddable":true,"href":"https:\/\/www.kotkanpentunayttely.fi\/index.php\/wp-json\/wp\/v2\/users\/1"}],"replies":[{"embeddable":true,"href":"https:\/\/www.kotkanpentunayttely.fi\/index.php\/wp-json\/wp\/v2\/comments?post=46"}],"version-history":[{"count":39,"href":"https:\/\/www.kotkanpentunayttely.fi\/index.php\/wp-json\/wp\/v2\/pages\/46\/revisions"}],"predecessor-version":[{"id":329,"href":"https:\/\/www.kotkanpentunayttely.fi\/index.php\/wp-json\/wp\/v2\/pages\/46\/revisions\/329"}],"wp:attachment":[{"href":"https:\/\/www.kotkanpentunayttely.fi\/index.php\/wp-json\/wp\/v2\/media?parent=46"}],"curies":[{"name":"wp","href":"https:\/\/api.w.org\/{rel}","templated":true}]}}