{"id":47,"date":"2021-05-11T06:41:28","date_gmt":"2021-05-11T06:41:28","guid":{"rendered":"http:\/\/www.kotkanpentunayttely.fi\/?page_id=47"},"modified":"2026-04-18T15:49:27","modified_gmt":"2026-04-18T15:49:27","slug":"tuomarit","status":"publish","type":"page","link":"https:\/\/www.kotkanpentunayttely.fi\/index.php\/tuomarit\/","title":{"rendered":"Tuomarit"},"content":{"rendered":"\n<p class=\"has-large-font-size\"><strong>Tuomarit &#8211; Lauantai 17.10.<\/strong><\/p>\n\n\n\n<p>Palkintuomarit ja ryhm\u00e4kilpailut:<\/p>\n\n\n\n<p>FCI 1 <strong>Perttu St\u00e5hlberg<\/strong><br>FCI 2 <strong>Nina Janger<\/strong><br>FCI 3 <strong>Helin Tenson<\/strong><br>FCI 4 <strong><strong><strong><strong>Anneli Pukkila<\/strong><\/strong><\/strong><\/strong><br>FCI 5 <strong><strong>Anneli Pukkila<\/strong><\/strong><br>FCI 6<strong><strong><strong><strong><strong> <strong>Perttu St\u00e5hlberg<\/strong><\/strong><\/strong><\/strong><\/strong><\/strong><br>FCI 7 <strong>Perttu St\u00e5hlberg<\/strong><br>FCI 8 <strong><strong><strong><strong><strong><strong>Nina Janger<\/strong><\/strong><\/strong><\/strong><\/strong><\/strong><br>FCI 9 <strong><strong><strong><strong><strong><strong><strong><strong><strong><strong>Helin Tenson<\/strong><\/strong><\/strong><\/strong><\/strong><\/strong><\/strong><\/strong><\/strong><\/strong><br>FCI 10 <strong><strong><strong><strong><strong><strong><strong><strong><strong><strong><strong><strong><strong><strong><strong><strong>Anneli Pukkila<\/strong><\/strong><\/strong><\/strong><\/strong><\/strong><\/strong><\/strong><\/strong><\/strong><\/strong><\/strong><\/strong><\/strong><\/strong><\/strong><br>Paras pari <strong><strong><strong>Nina Janger <\/strong><\/strong><\/strong><br>Paras kasvattajaryhm\u00e4 <strong><strong><strong>Anneli Pukkila<\/strong><\/strong><\/strong><br>Best in Show <strong><strong><strong><strong><strong><strong><strong><strong><strong><strong><strong><strong><strong><strong><strong><strong><strong><strong><strong><strong>Helin Tenson<\/strong><\/strong><\/strong><\/strong><\/strong><\/strong><\/strong><\/strong><\/strong><\/strong><\/strong><\/strong><\/strong><\/strong><\/strong><\/strong><\/strong><\/strong><\/strong><\/strong><\/p>\n\n\n\n<p class=\"has-large-font-size\"><strong>Tuomarit &#8211; Sunnuntai 18.10.<\/strong><\/p>\n\n\n\n<p>Palkintotuomarit ja ryhm\u00e4kilpailut:<\/p>\n\n\n\n<p>FCI 1 <strong><strong><strong><strong><strong><strong><strong><strong><strong><strong><strong><strong><strong><strong><strong><strong><strong>Nina Janger<\/strong><\/strong><\/strong><\/strong><\/strong><\/strong><\/strong><\/strong><\/strong><\/strong><\/strong><\/strong><\/strong><\/strong><\/strong><\/strong><\/strong><br>FCI 2 <strong><strong><strong><strong><strong><strong><strong><strong><strong><strong><strong><strong><strong>Perttu St\u00e5hlberg<\/strong><\/strong><\/strong><\/strong><\/strong><\/strong><\/strong><\/strong><\/strong><\/strong><\/strong><\/strong><\/strong><br>FCI 3 <strong><strong><strong><strong><strong><strong><strong><strong><strong><strong><strong><strong><strong><strong><strong><strong><strong><strong><strong><strong>Nina Janger<\/strong><\/strong><\/strong><\/strong><\/strong><\/strong><\/strong><\/strong><\/strong><\/strong><\/strong><\/strong><\/strong><\/strong><\/strong><\/strong><\/strong><\/strong><\/strong><\/strong><br>FCI 4 <strong><strong><strong><strong><strong><strong><strong><strong><strong><strong><strong><strong><strong><strong><strong><strong>Perttu St\u00e5hlberg<\/strong><\/strong><\/strong><\/strong><\/strong><\/strong><\/strong><\/strong><\/strong><\/strong><\/strong><\/strong><\/strong><\/strong><\/strong><\/strong><br>FCI 5 <strong><strong><strong><strong><strong><strong>Helin Tenson<\/strong><\/strong><\/strong><\/strong><\/strong><\/strong><br>FCI 6 <strong><strong><strong><strong><strong><strong><strong><strong><strong><strong><strong><strong>Anneli Pukkila<\/strong><\/strong><\/strong><\/strong><\/strong><\/strong><\/strong><\/strong><\/strong><\/strong><\/strong><\/strong><br>FCI 7 <strong><strong><strong><strong>Anneli Pukkila<\/strong><\/strong><\/strong><\/strong><br>FCI 8 <strong><strong><strong><strong><strong><strong><strong><strong><strong><strong><strong><strong><strong>Helin Tenson<\/strong><\/strong><\/strong><\/strong><\/strong><\/strong><\/strong><\/strong><\/strong><\/strong><\/strong><\/strong><\/strong><br>FCI 9 <strong><strong><strong><strong><strong><strong><strong>Anneli Pukkila<\/strong><\/strong><\/strong><\/strong><\/strong><\/strong><\/strong><br>FCI 10 <strong><strong><strong><strong><strong><strong><strong><strong><strong><strong><strong><strong><strong><strong><strong><strong>Perttu St\u00e5hlberg<\/strong><\/strong><\/strong><\/strong><\/strong><\/strong><\/strong><\/strong><\/strong><\/strong><\/strong><\/strong><\/strong><\/strong><\/strong><\/strong><br>Paras pari <strong><strong><strong>Anneli Pukkila<\/strong><\/strong><\/strong><br>Paras kasvattajaryhm\u00e4 <strong><strong><strong><strong><strong><strong>Helin Tenson<\/strong><\/strong><\/strong><\/strong><\/strong><\/strong><br>Best in Show <strong><strong><strong><strong><strong><strong><strong><strong><strong><strong><strong>Perttu St\u00e5hlberg<\/strong><\/strong><\/strong><\/strong><\/strong><\/strong><\/strong><\/strong><\/strong><\/strong><\/strong><br>Super BIS <strong><strong><strong>kaikki tuomarit yhdess\u00e4<\/strong><\/strong><\/strong><\/p>\n","protected":false},"excerpt":{"rendered":"<p>Tuomarit &#8211; Lauantai 17.10. Palkintuomarit ja ryhm\u00e4kilpailut: FCI 1 Perttu St\u00e5hlbergFCI 2 Nina JangerFCI 3 Helin TensonFCI 4 Anneli PukkilaFCI 5 Anneli PukkilaFCI 6 Perttu St\u00e5hlbergFCI 7 Perttu St\u00e5hlbergFCI 8 &#8230;<\/p>\n","protected":false},"author":1,"featured_media":0,"parent":0,"menu_order":0,"comment_status":"closed","ping_status":"closed","template":"","meta":{"footnotes":""},"class_list":["post-47","page","type-page","status-publish","hentry"],"_links":{"self":[{"href":"https:\/\/www.kotkanpentunayttely.fi\/index.php\/wp-json\/wp\/v2\/pages\/47","targetHints":{"allow":["GET"]}}],"collection":[{"href":"https:\/\/www.kotkanpentunayttely.fi\/index.php\/wp-json\/wp\/v2\/pages"}],"about":[{"href":"https:\/\/www.kotkanpentunayttely.fi\/index.php\/wp-json\/wp\/v2\/types\/page"}],"author":[{"embeddable":true,"href":"https:\/\/www.kotkanpentunayttely.fi\/index.php\/wp-json\/wp\/v2\/users\/1"}],"replies":[{"embeddable":true,"href":"https:\/\/www.kotkanpentunayttely.fi\/index.php\/wp-json\/wp\/v2\/comments?post=47"}],"version-history":[{"count":11,"href":"https:\/\/www.kotkanpentunayttely.fi\/index.php\/wp-json\/wp\/v2\/pages\/47\/revisions"}],"predecessor-version":[{"id":337,"href":"https:\/\/www.kotkanpentunayttely.fi\/index.php\/wp-json\/wp\/v2\/pages\/47\/revisions\/337"}],"wp:attachment":[{"href":"https:\/\/www.kotkanpentunayttely.fi\/index.php\/wp-json\/wp\/v2\/media?parent=47"}],"curies":[{"name":"wp","href":"https:\/\/api.w.org\/{rel}","templated":true}]}}