{"id":48,"date":"2021-05-11T06:41:28","date_gmt":"2021-05-11T06:41:28","guid":{"rendered":"http:\/\/www.kotkanpentunayttely.fi\/?page_id=48"},"modified":"2026-04-18T15:51:47","modified_gmt":"2026-04-18T15:51:47","slug":"ilmoittautuminen","status":"publish","type":"page","link":"https:\/\/www.kotkanpentunayttely.fi\/index.php\/ilmoittautuminen\/","title":{"rendered":"Ilmoittautuminen"},"content":{"rendered":"\n<p><strong>Viimeinen ilmoittautumisp\u00e4iv\u00e4 5.10.2026<br>HUOM! Omat ilmoittautumiset molempiin n\u00e4yttelyihin!<\/strong><\/p>\n\n\n\n<p>Molemmille p\u00e4iville ilmoittautuneille tarjoamme aamukahvit\/-teet lauantaina.<\/p>\n\n\n\n<p><strong>Kaikkien rotujen pentun\u00e4yttely<br>(arvosteluluokat 5 &#8211; alle 7kk ja 7 -alle 9kk pennut)<\/strong><br>Ilmoittautuminen vain internetiss\u00e4.<\/p>\n\n\n\n<p>Ilmoittaudu pentun\u00e4yttelyyn lauantaille 17.10.2026 <strong>t\u00e4\u00e4ll\u00e4<\/strong>.<\/p>\n\n\n\n<p>Ilmoittaudu pentun\u00e4yttelyyn sunnuntaille 18.10.2026 <strong>t\u00e4\u00e4ll\u00e4<\/strong>.<\/p>\n\n\n\n<p>Ilmoittautumismaksu 33 \u20ac, saman omistajan 2. jne. koira 30 \u20ac <strong>25.9.2026 asti<\/strong>.<br><strong>Kotkan Merip\u00e4ivien aikana 22.-25.7.2026 erikoishinta 25 \u20ac<\/strong>\/koira.<br>26.9.-5.10.2026 hinta 45 \u20ac\/koira.<\/p>\n\n\n\n<p>Kasvattajaluokka: nelj\u00e4 saman kasvattajan kasvattamaa tai samalle FCI:n vahvistamalle kennelnimelle rekister\u00f6ity\u00e4 samanrotuista pentua. Kaikissa luokissa annetaan kirjallinen arvostelu.<\/p>\n\n\n\n<p>Parikilpailu 10 \u20ac<br>Parikilpailu kahdelle n\u00e4yttelyyn ilmoitetulle samanrotuiselle pennulle. Ilmoittautuminen ja maksu n\u00e4yttelyn toimistoon n\u00e4yttelyp\u00e4iv\u00e4n\u00e4. Parikilpailussa ei anneta kirjallista arvostelua.<\/p>\n\n\n\n<p><strong>Arvostelu alkaa klo 10.<\/strong><\/p>\n\n\n\n<p>Kutsut l\u00e4hetet\u00e4\u00e4n vain s\u00e4hk\u00f6postitse n\u00e4ytteilleasettajille.<\/p>\n\n\n\n<p>Ilmoittaessasi koirasi n\u00e4yttelyyn sitoudut noudattamaan Suomen Kennelliiton voimassa olevia n\u00e4yttelys\u00e4\u00e4nt\u00f6j\u00e4 sek\u00e4 niit\u00e4 t\u00e4ydent\u00e4vi\u00e4 ohjeita ja rokotusm\u00e4\u00e4r\u00e4yksi\u00e4.&nbsp;<strong>Ilmoittautuminen on aina sitova.<\/strong><\/p>\n\n\n\n<p><strong>HUOM!<\/strong>&nbsp;\u00c4l\u00e4 maksa netti-ilmoittautumista ennakkoon, vaan se maksetaan verkkopankilla tai luottokortilla ilmoittautumisen yhteydess\u00e4.<br>Netti-ilmoittautumisesta tulee aina vahvistus s\u00e4hk\u00f6postiisi. Ota yhteytt\u00e4&nbsp;<strong>kotkanpentunayttely@gmail.com<\/strong>&nbsp;tai&nbsp;<strong>puh. +358 50 360 6671,<\/strong>&nbsp;jos et saa s\u00e4hk\u00f6postiisi vahvistusta seuraavaan p\u00e4iv\u00e4\u00e4n menness\u00e4. Vain vahvistusviestin saaneet ilmoittautumiset voidaan ottaa n\u00e4yttelyyn!<\/p>\n","protected":false},"excerpt":{"rendered":"<p>Viimeinen ilmoittautumisp\u00e4iv\u00e4 5.10.2026HUOM! Omat ilmoittautumiset molempiin n\u00e4yttelyihin! Molemmille p\u00e4iville ilmoittautuneille tarjoamme aamukahvit\/-teet lauantaina. Kaikkien rotujen pentun\u00e4yttely(arvosteluluokat 5 &#8211; alle 7kk ja 7 -alle 9kk pennut)Ilmoittautuminen vain internetiss\u00e4. Ilmoittaudu pentun\u00e4yttelyyn lauantaille &#8230;<\/p>\n","protected":false},"author":1,"featured_media":0,"parent":0,"menu_order":0,"comment_status":"closed","ping_status":"closed","template":"","meta":{"footnotes":""},"class_list":["post-48","page","type-page","status-publish","hentry"],"_links":{"self":[{"href":"https:\/\/www.kotkanpentunayttely.fi\/index.php\/wp-json\/wp\/v2\/pages\/48","targetHints":{"allow":["GET"]}}],"collection":[{"href":"https:\/\/www.kotkanpentunayttely.fi\/index.php\/wp-json\/wp\/v2\/pages"}],"about":[{"href":"https:\/\/www.kotkanpentunayttely.fi\/index.php\/wp-json\/wp\/v2\/types\/page"}],"author":[{"embeddable":true,"href":"https:\/\/www.kotkanpentunayttely.fi\/index.php\/wp-json\/wp\/v2\/users\/1"}],"replies":[{"embeddable":true,"href":"https:\/\/www.kotkanpentunayttely.fi\/index.php\/wp-json\/wp\/v2\/comments?post=48"}],"version-history":[{"count":31,"href":"https:\/\/www.kotkanpentunayttely.fi\/index.php\/wp-json\/wp\/v2\/pages\/48\/revisions"}],"predecessor-version":[{"id":339,"href":"https:\/\/www.kotkanpentunayttely.fi\/index.php\/wp-json\/wp\/v2\/pages\/48\/revisions\/339"}],"wp:attachment":[{"href":"https:\/\/www.kotkanpentunayttely.fi\/index.php\/wp-json\/wp\/v2\/media?parent=48"}],"curies":[{"name":"wp","href":"https:\/\/api.w.org\/{rel}","templated":true}]}}