{"id":83,"date":"2021-05-11T07:11:53","date_gmt":"2021-05-11T07:11:53","guid":{"rendered":"http:\/\/www.kotkanpentunayttely.fi\/?page_id=83"},"modified":"2025-11-02T09:44:37","modified_gmt":"2025-11-02T09:44:37","slug":"tulokset","status":"publish","type":"page","link":"https:\/\/www.kotkanpentunayttely.fi\/index.php\/tulokset\/","title":{"rendered":"Tulokset"},"content":{"rendered":"\n<p><strong>Kotkan pentun\u00e4yttelyiden 2025 tulokset<\/strong><\/p>\n\n\n\n<p><strong><a href=\"https:\/\/tulospalvelu.kennelliitto.fi\/nayttelyt\/Tulokset?Id=14019\">LINKKI<\/a><\/strong> Showlinkin tulospalvelun lauantain 25.10.2025 tuloksiin.<\/p>\n\n\n\n<p><strong><a href=\"https:\/\/tulospalvelu.kennelliitto.fi\/nayttelyt\/Tulokset?Id=14020\">LINKKI<\/a><\/strong> Showlinkin tulospalvelun sunnuntain 26.102025 tuloksiin.<\/p>\n\n\n\n<p><strong>Sunnuntain SUPER-BIS kilpailu<\/strong><\/p>\n\n\n\n<ol class=\"wp-block-list\">\n<li><strong>Whippet<\/strong><br>Sagramour Whole Lotta Love, om. Aaltio Marina<\/li>\n\n\n\n<li><strong>Akita<\/strong><br>Hitomi No Kuro No B\u014dgyu Go Makomejas, om. Karjaluoto Krista<\/li>\n<\/ol>\n\n\n\n<figure class=\"wp-block-image size-large is-resized\"><img loading=\"lazy\" decoding=\"async\" width=\"1024\" height=\"768\" src=\"https:\/\/www.kotkanpentunayttely.fi\/wp-content\/uploads\/2025\/11\/SuperBIS-1024x768.jpg\" alt=\"\" class=\"wp-image-323\" style=\"width:700px\" srcset=\"https:\/\/www.kotkanpentunayttely.fi\/wp-content\/uploads\/2025\/11\/SuperBIS-1024x768.jpg 1024w, https:\/\/www.kotkanpentunayttely.fi\/wp-content\/uploads\/2025\/11\/SuperBIS-300x225.jpg 300w, https:\/\/www.kotkanpentunayttely.fi\/wp-content\/uploads\/2025\/11\/SuperBIS-768x576.jpg 768w, https:\/\/www.kotkanpentunayttely.fi\/wp-content\/uploads\/2025\/11\/SuperBIS-1536x1152.jpg 1536w, https:\/\/www.kotkanpentunayttely.fi\/wp-content\/uploads\/2025\/11\/SuperBIS-2048x1536.jpg 2048w\" sizes=\"auto, (max-width: 1024px) 100vw, 1024px\" \/><\/figure>\n\n\n\n<p><strong>Sunnuntain parikilpailun tulokset<\/strong> &#8211; tuomari Maarit Hassinen<\/p>\n\n\n\n<ol class=\"wp-block-list\">\n<li>Siperianhusky<br>152 &#8211; Snowfrost Silver Sandstorm<br>154 &#8211; Snowfrost Silver Starlight<br>om. Iina Tanninen, Tarja Veijonen, Sanni Keinonen, Miika V\u00e4\u00e4t\u00e4inen<\/li>\n\n\n\n<li>Australianpaimenkoira<br>7 &#8211; Julsamorous Ballet Pirouette<br>8 &#8211; Julsamorous Bella Ciao<br>om. Julia Mikkola, Joni Forsberg, Kiia Taponen<\/li>\n\n\n\n<li>Sile\u00e4karvainennoutaja<br>202 &#8211; Heilurih\u00e4nn\u00e4n Banger in Rome<br>203 &#8211; Heilurih\u00e4nn\u00e4n Champagne Ros\u00e9 in Paris<br>om. Elina Hult, Mari Aaltonen<\/li>\n\n\n\n<li>Cavalier kingcharlesinspanieli<br>225 &#8211; Daredevil&#8217;s King of the Champions<br>227 &#8211; Daredevil&#8217;s Queen of the Kings<br>om. P\u00e4ivi Vainikka<\/li>\n<\/ol>\n\n\n\n<figure class=\"wp-block-gallery has-nested-images columns-2 is-cropped wp-block-gallery-1 is-layout-flex wp-block-gallery-is-layout-flex\">\n<figure class=\"wp-block-image size-large\"><img loading=\"lazy\" decoding=\"async\" width=\"1024\" height=\"768\" data-id=\"321\" src=\"https:\/\/www.kotkanpentunayttely.fi\/wp-content\/uploads\/2025\/11\/Parit1_su-1024x768.jpg\" alt=\"\" class=\"wp-image-321\" srcset=\"https:\/\/www.kotkanpentunayttely.fi\/wp-content\/uploads\/2025\/11\/Parit1_su-1024x768.jpg 1024w, https:\/\/www.kotkanpentunayttely.fi\/wp-content\/uploads\/2025\/11\/Parit1_su-300x225.jpg 300w, https:\/\/www.kotkanpentunayttely.fi\/wp-content\/uploads\/2025\/11\/Parit1_su-768x576.jpg 768w, https:\/\/www.kotkanpentunayttely.fi\/wp-content\/uploads\/2025\/11\/Parit1_su-1536x1152.jpg 1536w, https:\/\/www.kotkanpentunayttely.fi\/wp-content\/uploads\/2025\/11\/Parit1_su-2048x1536.jpg 2048w\" sizes=\"auto, (max-width: 1024px) 100vw, 1024px\" \/><\/figure>\n\n\n\n<figure class=\"wp-block-image size-large\"><img loading=\"lazy\" decoding=\"async\" width=\"1024\" height=\"768\" data-id=\"320\" src=\"https:\/\/www.kotkanpentunayttely.fi\/wp-content\/uploads\/2025\/11\/Parit2_su-1024x768.jpg\" alt=\"\" class=\"wp-image-320\" srcset=\"https:\/\/www.kotkanpentunayttely.fi\/wp-content\/uploads\/2025\/11\/Parit2_su-1024x768.jpg 1024w, https:\/\/www.kotkanpentunayttely.fi\/wp-content\/uploads\/2025\/11\/Parit2_su-300x225.jpg 300w, https:\/\/www.kotkanpentunayttely.fi\/wp-content\/uploads\/2025\/11\/Parit2_su-768x576.jpg 768w, https:\/\/www.kotkanpentunayttely.fi\/wp-content\/uploads\/2025\/11\/Parit2_su-1536x1152.jpg 1536w, https:\/\/www.kotkanpentunayttely.fi\/wp-content\/uploads\/2025\/11\/Parit2_su.jpg 1793w\" sizes=\"auto, (max-width: 1024px) 100vw, 1024px\" \/><\/figure>\n\n\n\n<figure class=\"wp-block-image size-large\"><img loading=\"lazy\" decoding=\"async\" width=\"1024\" height=\"768\" data-id=\"318\" src=\"https:\/\/www.kotkanpentunayttely.fi\/wp-content\/uploads\/2025\/11\/Parit3_su-1024x768.jpg\" alt=\"\" class=\"wp-image-318\" srcset=\"https:\/\/www.kotkanpentunayttely.fi\/wp-content\/uploads\/2025\/11\/Parit3_su-1024x768.jpg 1024w, https:\/\/www.kotkanpentunayttely.fi\/wp-content\/uploads\/2025\/11\/Parit3_su-300x225.jpg 300w, https:\/\/www.kotkanpentunayttely.fi\/wp-content\/uploads\/2025\/11\/Parit3_su-768x576.jpg 768w, https:\/\/www.kotkanpentunayttely.fi\/wp-content\/uploads\/2025\/11\/Parit3_su-1536x1152.jpg 1536w, https:\/\/www.kotkanpentunayttely.fi\/wp-content\/uploads\/2025\/11\/Parit3_su-2048x1536.jpg 2048w\" sizes=\"auto, (max-width: 1024px) 100vw, 1024px\" \/><\/figure>\n\n\n\n<figure class=\"wp-block-image size-large\"><img loading=\"lazy\" decoding=\"async\" width=\"1024\" height=\"768\" data-id=\"319\" src=\"https:\/\/www.kotkanpentunayttely.fi\/wp-content\/uploads\/2025\/11\/Parit4_su-1024x768.jpg\" alt=\"\" class=\"wp-image-319\" srcset=\"https:\/\/www.kotkanpentunayttely.fi\/wp-content\/uploads\/2025\/11\/Parit4_su-1024x768.jpg 1024w, https:\/\/www.kotkanpentunayttely.fi\/wp-content\/uploads\/2025\/11\/Parit4_su-300x225.jpg 300w, https:\/\/www.kotkanpentunayttely.fi\/wp-content\/uploads\/2025\/11\/Parit4_su-768x576.jpg 768w, https:\/\/www.kotkanpentunayttely.fi\/wp-content\/uploads\/2025\/11\/Parit4_su-1536x1152.jpg 1536w, https:\/\/www.kotkanpentunayttely.fi\/wp-content\/uploads\/2025\/11\/Parit4_su-2048x1536.jpg 2048w\" sizes=\"auto, (max-width: 1024px) 100vw, 1024px\" \/><\/figure>\n<\/figure>\n\n\n\n<p><\/p>\n\n\n\n<p><strong>Lauantain parikilpailun tulokset<\/strong> &#8211; tuomari Kirsi Tevalin<\/p>\n\n\n\n<ol class=\"wp-block-list\">\n<li>Australianpaimenkoira<br>6 &#8211; Julsamorous Ballet Pirouette<br>7 &#8211; Julsamorous Bella Ciao<br>om. Julia Mikkola, Joni Forsberg, Kiia Taponen<\/li>\n\n\n\n<li>Cavalier kingcharlesinspanieli<br>304 &#8211; Daredevil&#8217;s King of the Champions<br>307 &#8211; Daredevil&#8217;s Queen of the Kings<br>om. P\u00e4ivi Vainikka<\/li>\n\n\n\n<li>Whippet<br>331 &#8211; Sagramour World Is Mine<br>337 &#8211; Sagramour Wild Thing<br>om. Raisa Karjalainen, Iina Nousiainen, Marina Aaltio<\/li>\n\n\n\n<li>Tiibetinterrieri<br>323 &#8211; Pet Pursuit Xcuse the Mess<br>324 &#8211; Pet Pursuit Xcellence Is Attitude<br>om. Tuuli Levit, Karoliina Kanerva, Jenna Timonen<\/li>\n<\/ol>\n\n\n\n<figure class=\"wp-block-gallery has-nested-images columns-2 is-cropped wp-block-gallery-2 is-layout-flex wp-block-gallery-is-layout-flex\">\n<figure class=\"wp-block-image size-large\"><img loading=\"lazy\" decoding=\"async\" width=\"1024\" height=\"768\" data-id=\"300\" src=\"https:\/\/www.kotkanpentunayttely.fi\/wp-content\/uploads\/2025\/10\/Parit_1-1024x768.jpg\" alt=\"\" class=\"wp-image-300\" srcset=\"https:\/\/www.kotkanpentunayttely.fi\/wp-content\/uploads\/2025\/10\/Parit_1-1024x768.jpg 1024w, https:\/\/www.kotkanpentunayttely.fi\/wp-content\/uploads\/2025\/10\/Parit_1-300x225.jpg 300w, https:\/\/www.kotkanpentunayttely.fi\/wp-content\/uploads\/2025\/10\/Parit_1-768x576.jpg 768w, https:\/\/www.kotkanpentunayttely.fi\/wp-content\/uploads\/2025\/10\/Parit_1-1536x1152.jpg 1536w, https:\/\/www.kotkanpentunayttely.fi\/wp-content\/uploads\/2025\/10\/Parit_1-2048x1536.jpg 2048w\" sizes=\"auto, (max-width: 1024px) 100vw, 1024px\" \/><\/figure>\n\n\n\n<figure class=\"wp-block-image size-large\"><img loading=\"lazy\" decoding=\"async\" width=\"1024\" height=\"768\" data-id=\"301\" src=\"https:\/\/www.kotkanpentunayttely.fi\/wp-content\/uploads\/2025\/10\/Parit_2-1024x768.jpg\" alt=\"\" class=\"wp-image-301\" srcset=\"https:\/\/www.kotkanpentunayttely.fi\/wp-content\/uploads\/2025\/10\/Parit_2-1024x768.jpg 1024w, https:\/\/www.kotkanpentunayttely.fi\/wp-content\/uploads\/2025\/10\/Parit_2-300x225.jpg 300w, https:\/\/www.kotkanpentunayttely.fi\/wp-content\/uploads\/2025\/10\/Parit_2-768x576.jpg 768w, https:\/\/www.kotkanpentunayttely.fi\/wp-content\/uploads\/2025\/10\/Parit_2-1536x1152.jpg 1536w, https:\/\/www.kotkanpentunayttely.fi\/wp-content\/uploads\/2025\/10\/Parit_2-2048x1536.jpg 2048w\" sizes=\"auto, (max-width: 1024px) 100vw, 1024px\" \/><\/figure>\n\n\n\n<figure class=\"wp-block-image size-large\"><img loading=\"lazy\" decoding=\"async\" width=\"1024\" height=\"768\" data-id=\"302\" src=\"https:\/\/www.kotkanpentunayttely.fi\/wp-content\/uploads\/2025\/10\/Parit_3-1024x768.jpg\" alt=\"\" class=\"wp-image-302\" srcset=\"https:\/\/www.kotkanpentunayttely.fi\/wp-content\/uploads\/2025\/10\/Parit_3-1024x768.jpg 1024w, https:\/\/www.kotkanpentunayttely.fi\/wp-content\/uploads\/2025\/10\/Parit_3-300x225.jpg 300w, https:\/\/www.kotkanpentunayttely.fi\/wp-content\/uploads\/2025\/10\/Parit_3-768x576.jpg 768w, https:\/\/www.kotkanpentunayttely.fi\/wp-content\/uploads\/2025\/10\/Parit_3-1536x1152.jpg 1536w, https:\/\/www.kotkanpentunayttely.fi\/wp-content\/uploads\/2025\/10\/Parit_3-2048x1536.jpg 2048w\" sizes=\"auto, (max-width: 1024px) 100vw, 1024px\" \/><\/figure>\n\n\n\n<figure class=\"wp-block-image size-large\"><img loading=\"lazy\" decoding=\"async\" width=\"1024\" height=\"768\" data-id=\"303\" src=\"https:\/\/www.kotkanpentunayttely.fi\/wp-content\/uploads\/2025\/10\/Parit_4-1024x768.jpg\" alt=\"\" class=\"wp-image-303\" srcset=\"https:\/\/www.kotkanpentunayttely.fi\/wp-content\/uploads\/2025\/10\/Parit_4-1024x768.jpg 1024w, https:\/\/www.kotkanpentunayttely.fi\/wp-content\/uploads\/2025\/10\/Parit_4-300x225.jpg 300w, https:\/\/www.kotkanpentunayttely.fi\/wp-content\/uploads\/2025\/10\/Parit_4-768x576.jpg 768w, https:\/\/www.kotkanpentunayttely.fi\/wp-content\/uploads\/2025\/10\/Parit_4-1536x1151.jpg 1536w, https:\/\/www.kotkanpentunayttely.fi\/wp-content\/uploads\/2025\/10\/Parit_4.jpg 1889w\" sizes=\"auto, (max-width: 1024px) 100vw, 1024px\" \/><\/figure>\n<\/figure>\n\n\n\n<div style=\"height:100px\" aria-hidden=\"true\" class=\"wp-block-spacer\"><\/div>\n\n\n\n<p><strong>Kotkan pentun\u00e4yttelyiden 2024 tulokset<\/strong><\/p>\n\n\n\n<p><strong><a href=\"https:\/\/tulospalvelu.kennelliitto.fi\/nayttelyt\/frmTuloksetRyhma.aspx?N=13575&amp;Lang=FIN\">LINKKI<\/a><\/strong> Showlinkin tulospalvelun lauantain 28.9.2024 tuloksiin.<\/p>\n\n\n\n<p><strong><a href=\"https:\/\/tulospalvelu.kennelliitto.fi\/nayttelyt\/frmTuloksetRyhma.aspx?N=13800&amp;Lang=FIN\">LINKKI<\/a><\/strong> Showlinkin tulospalvelun sunnuntain 29.9.2024 tuloksiin.<\/p>\n\n\n\n<p><strong>Sunnuntain SUPER-BIS kilpailu<\/strong><\/p>\n\n\n\n<ol class=\"wp-block-list\">\n<li><strong>petit basset griffon vend\u00e9en<\/strong><br>After Me In The Spotlight, om. Bergstr\u00f6m Kristina<\/li>\n\n\n\n<li><strong>basset hound<\/strong><br>S\u00e1rk\u00f6zi-Dacos Kaunis Luna, om. Karlsson Sari<\/li>\n<\/ol>\n\n\n\n<figure class=\"wp-block-image size-large is-resized\"><img loading=\"lazy\" decoding=\"async\" width=\"1024\" height=\"768\" src=\"https:\/\/www.kotkanpentunayttely.fi\/wp-content\/uploads\/2024\/09\/super_bis-1024x768.jpg\" alt=\"\" class=\"wp-image-261\" style=\"width:610px;height:auto\" srcset=\"https:\/\/www.kotkanpentunayttely.fi\/wp-content\/uploads\/2024\/09\/super_bis-1024x768.jpg 1024w, https:\/\/www.kotkanpentunayttely.fi\/wp-content\/uploads\/2024\/09\/super_bis-300x225.jpg 300w, https:\/\/www.kotkanpentunayttely.fi\/wp-content\/uploads\/2024\/09\/super_bis-768x576.jpg 768w, https:\/\/www.kotkanpentunayttely.fi\/wp-content\/uploads\/2024\/09\/super_bis-1536x1152.jpg 1536w, https:\/\/www.kotkanpentunayttely.fi\/wp-content\/uploads\/2024\/09\/super_bis.jpg 1804w\" sizes=\"auto, (max-width: 1024px) 100vw, 1024px\" \/><\/figure>\n\n\n\n<p><\/p>\n","protected":false},"excerpt":{"rendered":"<p>Kotkan pentun\u00e4yttelyiden 2025 tulokset LINKKI Showlinkin tulospalvelun lauantain 25.10.2025 tuloksiin. LINKKI Showlinkin tulospalvelun sunnuntain 26.102025 tuloksiin. Sunnuntain SUPER-BIS kilpailu Sunnuntain parikilpailun tulokset &#8211; tuomari Maarit Hassinen Lauantain parikilpailun tulokset &#8211; &#8230;<\/p>\n","protected":false},"author":1,"featured_media":0,"parent":0,"menu_order":0,"comment_status":"closed","ping_status":"closed","template":"","meta":{"footnotes":""},"class_list":["post-83","page","type-page","status-publish","hentry"],"_links":{"self":[{"href":"https:\/\/www.kotkanpentunayttely.fi\/index.php\/wp-json\/wp\/v2\/pages\/83","targetHints":{"allow":["GET"]}}],"collection":[{"href":"https:\/\/www.kotkanpentunayttely.fi\/index.php\/wp-json\/wp\/v2\/pages"}],"about":[{"href":"https:\/\/www.kotkanpentunayttely.fi\/index.php\/wp-json\/wp\/v2\/types\/page"}],"author":[{"embeddable":true,"href":"https:\/\/www.kotkanpentunayttely.fi\/index.php\/wp-json\/wp\/v2\/users\/1"}],"replies":[{"embeddable":true,"href":"https:\/\/www.kotkanpentunayttely.fi\/index.php\/wp-json\/wp\/v2\/comments?post=83"}],"version-history":[{"count":22,"href":"https:\/\/www.kotkanpentunayttely.fi\/index.php\/wp-json\/wp\/v2\/pages\/83\/revisions"}],"predecessor-version":[{"id":325,"href":"https:\/\/www.kotkanpentunayttely.fi\/index.php\/wp-json\/wp\/v2\/pages\/83\/revisions\/325"}],"wp:attachment":[{"href":"https:\/\/www.kotkanpentunayttely.fi\/index.php\/wp-json\/wp\/v2\/media?parent=83"}],"curies":[{"name":"wp","href":"https:\/\/api.w.org\/{rel}","templated":true}]}}